{"id":8,"date":"2024-01-03T07:49:36","date_gmt":"2024-01-03T07:49:36","guid":{"rendered":"https:\/\/senergetica.com\/?page_id=8"},"modified":"2025-06-23T23:17:59","modified_gmt":"2025-06-23T23:17:59","slug":"inicio","status":"publish","type":"page","link":"https:\/\/senergetica.com\/","title":{"rendered":"Inicio"},"content":{"rendered":"\n<p class=\"has-text-align-left\">En <strong>Senerg\u00e9tica<\/strong>, somos una consultor\u00eda l\u00edder que se consolida como un socio estrat\u00e9gico clave en el sector de energ\u00eda en M\u00e9xico, nos distinguimos por una comprensi\u00f3n profunda de los desaf\u00edos normativos y regulatorios, as\u00ed como por una s\u00f3lida experiencia en litigio especializado en el sector hidrocarburos.<\/p>\n\n\n\n<p class=\"has-text-align-left\">Al proponer soluciones innovadoras y espec\u00edficamente dise\u00f1adas para las necesidades de negocio de cada uno de nuestros clientes, garantizamos un acompa\u00f1amiento integral que abarca desde la gesti\u00f3n inicial de permisos, hasta la defensa jur\u00eddica ante las instancias correspondientes.<\/p>\n\n\n\n<p class=\"has-text-align-left\">La fortaleza de <strong>Senerg\u00e9tica<\/strong> reside en el equipo multidisciplinario que la conforma, integrada por profesionales con una trayectoria destacada tanto en la Administraci\u00f3n P\u00fablica Federal y el Poder Judicial de la Federaci\u00f3n, como en despachos y consultor\u00edas especializadas del sector privado, aportamos una perspectiva integral y un conocimiento exhaustivo de la industria. Esta combinaci\u00f3n \u00fanica de experiencia nos permite anticipar desaf\u00edos, dise\u00f1ar estrategias efectivas y lograr resultados tangibles en cada proyecto que emprendemos.<\/p>\n\n\n\n<p class=\"has-text-align-left\">Nuestra especializaci\u00f3n abarca la realizaci\u00f3n integral de tr\u00e1mites y la gesti\u00f3n experta de permisos esenciales para el desarrollo de proyectos de Oil &amp; Gas, incluyendo <strong>importaci\u00f3n, almacenamiento, comercializaci\u00f3n, formulaci\u00f3n, transporte, distribuci\u00f3n y expendio.<\/strong><\/p>\n\n\n\n<p class=\"has-text-align-left\">Adicionalmente, proporcionamos asesor\u00eda legal especializada e integral en materia de hidrocarburos, asegurando que nuestros clientes cumplan con todas las obligaciones regulatorias ante las diversas autoridades del sector.<\/p>\n\n\n\n<p class=\"has-text-align-left\">En <strong>Senerg\u00e9tica<\/strong>, nuestra prioridad fundamental es la planeaci\u00f3n y la proposici\u00f3n de soluciones de negocio integrales que cubran toda la cadena de valor de sus proyectos. Nos dedicamos a comprender a fondo las particularidades de cada uno de nuestros clientes para aportar estrategias personalizadas que impulsen su \u00e9xito y generen un beneficio tangible.<\/p>\n\n\n\n<p class=\"has-text-align-left\">Actuamos como representantes estrat\u00e9gicos ante las autoridades competentes del sector, incluyendo la <strong>Secretar\u00eda de Energ\u00eda [SENER]<\/strong>, la <strong>Comisi\u00f3n Nacional de Energ\u00eda [CNE]<\/strong> (anteriormente conocida como <strong>Comisi\u00f3n Reguladora de Energ\u00eda [CRE]<\/strong>), y la <strong>Agencia Nacional de Seguridad Industrial y de Protecci\u00f3n al Medio Ambiente del Sector Hidrocarburos [ASEA]<\/strong>.<\/p>\n\n\n\n<p class=\"has-text-align-left\">Con la certidumbre de contar con los conocimientos y las competencias para colaborar con Usted, quedamos a su disposici\u00f3n para analizar sus necesidades y proponerle soluciones que impulsen el \u00e9xito de sus proyectos energ\u00e9ticos.<\/p>\n\n\n\n<p><\/p>\n","protected":false},"excerpt":{"rendered":"<p>En Senerg\u00e9tica, somos una consultor\u00eda l\u00edder que se consolida como un socio estrat\u00e9gico clave en el sector de energ\u00eda en M\u00e9xico, nos distinguimos por una comprensi\u00f3n profunda de los desaf\u00edos normativos y regulatorios, as\u00ed como por una s\u00f3lida experiencia en litigio especializado en el sector hidrocarburos. Al proponer soluciones innovadoras [&hellip;]<\/p>\n","protected":false},"author":1,"featured_media":86,"parent":0,"menu_order":0,"comment_status":"closed","ping_status":"closed","template":"","meta":{"_themeisle_gutenberg_block_has_review":false,"footnotes":""},"class_list":["post-8","page","type-page","status-publish","has-post-thumbnail","hentry"],"_links":{"self":[{"href":"https:\/\/senergetica.com\/index.php?rest_route=\/wp\/v2\/pages\/8","targetHints":{"allow":["GET"]}}],"collection":[{"href":"https:\/\/senergetica.com\/index.php?rest_route=\/wp\/v2\/pages"}],"about":[{"href":"https:\/\/senergetica.com\/index.php?rest_route=\/wp\/v2\/types\/page"}],"author":[{"embeddable":true,"href":"https:\/\/senergetica.com\/index.php?rest_route=\/wp\/v2\/users\/1"}],"replies":[{"embeddable":true,"href":"https:\/\/senergetica.com\/index.php?rest_route=%2Fwp%2Fv2%2Fcomments&post=8"}],"version-history":[{"count":10,"href":"https:\/\/senergetica.com\/index.php?rest_route=\/wp\/v2\/pages\/8\/revisions"}],"predecessor-version":[{"id":95,"href":"https:\/\/senergetica.com\/index.php?rest_route=\/wp\/v2\/pages\/8\/revisions\/95"}],"wp:featuredmedia":[{"embeddable":true,"href":"https:\/\/senergetica.com\/index.php?rest_route=\/wp\/v2\/media\/86"}],"wp:attachment":[{"href":"https:\/\/senergetica.com\/index.php?rest_route=%2Fwp%2Fv2%2Fmedia&parent=8"}],"curies":[{"name":"wp","href":"https:\/\/api.w.org\/{rel}","templated":true}]}}